{"id":244,"date":"2026-03-04T19:15:09","date_gmt":"2026-03-04T19:15:09","guid":{"rendered":"https:\/\/www.knopjestudio.de\/?page_id=244"},"modified":"2026-03-10T08:59:05","modified_gmt":"2026-03-10T08:59:05","slug":"staedteliebe","status":"publish","type":"page","link":"https:\/\/www.knopjestudio.de\/?page_id=244","title":{"rendered":"St\u00e4dteliebe"},"content":{"rendered":"\n<p><\/p>\n\n\n\n<div class=\"wp-block-uagb-container uagb-block-cb9b074f alignfull uagb-is-root-container\"><div class=\"uagb-container-inner-blocks-wrap\">\n<div class=\"wp-block-uagb-container uagb-block-660554e0\">\n<figure class=\"wp-block-image size-full is-resized\" style=\"margin-top:var(--wp--preset--spacing--50);margin-right:var(--wp--preset--spacing--50);margin-bottom:var(--wp--preset--spacing--50);margin-left:var(--wp--preset--spacing--50)\"><img loading=\"lazy\" decoding=\"async\" width=\"672\" height=\"896\" src=\"https:\/\/www.knopjestudio.de\/wp-content\/uploads\/2026\/03\/MuensterWebseite.png\" alt=\"\" class=\"wp-image-207\" style=\"width:235px;height:auto\" srcset=\"https:\/\/www.knopjestudio.de\/wp-content\/uploads\/2026\/03\/MuensterWebseite.png 672w, https:\/\/www.knopjestudio.de\/wp-content\/uploads\/2026\/03\/MuensterWebseite-225x300.png 225w\" sizes=\"auto, (max-width: 672px) 100vw, 672px\" \/><\/figure>\n<\/div>\n\n\n\n<div class=\"wp-block-uagb-container uagb-block-7864bae0\">\n<div class=\"wp-block-uagb-advanced-heading uagb-block-78157f4b\"><h6 class=\"uagb-heading-text\"><br><br><strong>Stadtliebe zum Aufh\u00e4ngen<\/strong><br><\/h6><p class=\"uagb-desc-text\"><strong>Liebevolle Girlanden f\u00fcr echte Heimatfans<\/strong><\/p><\/div>\n<\/div>\n<\/div><\/div>\n\n\n\n<div class=\"wp-block-uagb-container uagb-block-7927e499 alignfull uagb-is-root-container\"><div class=\"uagb-container-inner-blocks-wrap\">\n<div class=\"wp-block-uagb-container uagb-block-7160bd7a\">\n<figure class=\"wp-block-image aligncenter size-large is-resized\"><img loading=\"lazy\" decoding=\"async\" width=\"763\" height=\"1024\" src=\"https:\/\/www.knopjestudio.de\/wp-content\/uploads\/2026\/03\/IMG_7154-763x1024.jpeg\" alt=\"\" class=\"wp-image-338\" style=\"aspect-ratio:0.7451304988488986;width:174px;height:auto\" srcset=\"https:\/\/www.knopjestudio.de\/wp-content\/uploads\/2026\/03\/IMG_7154-763x1024.jpeg 763w, https:\/\/www.knopjestudio.de\/wp-content\/uploads\/2026\/03\/IMG_7154-224x300.jpeg 224w, https:\/\/www.knopjestudio.de\/wp-content\/uploads\/2026\/03\/IMG_7154-768x1030.jpeg 768w, https:\/\/www.knopjestudio.de\/wp-content\/uploads\/2026\/03\/IMG_7154-1145x1536.jpeg 1145w, https:\/\/www.knopjestudio.de\/wp-content\/uploads\/2026\/03\/IMG_7154-1527x2048.jpeg 1527w, https:\/\/www.knopjestudio.de\/wp-content\/uploads\/2026\/03\/IMG_7154-scaled.jpeg 1908w\" sizes=\"auto, (max-width: 763px) 100vw, 763px\" \/><\/figure>\n<\/div>\n\n\n\n<div class=\"wp-block-uagb-container uagb-block-956896f4\">\n<div class=\"wp-block-uagb-buttons uagb-buttons__outer-wrap uagb-btn__default-btn uagb-btn-tablet__default-btn uagb-btn-mobile__default-btn uagb-block-0cf696d5\"><div class=\"uagb-buttons__wrap uagb-buttons-layout-wrap \">\n<div class=\"wp-block-uagb-buttons-child uagb-buttons__outer-wrap uagb-block-f1a136db wp-block-button\"><div class=\"uagb-button__wrapper\"><a class=\"uagb-buttons-repeater wp-block-button__link\" aria-label=\"\" href=\"https:\/\/www.knopjestudio.de\/?page_id=335\" rel=\"follow noopener\" target=\"_self\" role=\"button\"><div class=\"uagb-button__link\">Seestadtliebe<\/div><\/a><\/div><\/div>\n<\/div><\/div>\n<\/div>\n<\/div><\/div>\n\n\n\n<div class=\"wp-block-uagb-advanced-heading uagb-block-92c0e850\"><h2 class=\"uagb-heading-text\">Hier findest Du bald noch mehr St\u00e4dteliebe&#8230;<\/h2><\/div>\n\n\n\n<p>Solltest Du einen besonderen Wunsch haben, dann schreibe mir. Fast alles ist m\u00f6glich. <\/p>\n\n\n\n<div class=\"wp-block-uagb-buttons uagb-buttons__outer-wrap uagb-btn__default-btn uagb-btn-tablet__default-btn uagb-btn-mobile__default-btn uagb-block-aaf18669\"><div class=\"uagb-buttons__wrap uagb-buttons-layout-wrap \">\n<div class=\"wp-block-uagb-buttons-child uagb-buttons__outer-wrap uagb-block-61e391d4 wp-block-button\"><div class=\"uagb-button__wrapper\"><a class=\"uagb-buttons-repeater wp-block-button__link\" aria-label=\"\" href=\"https:\/\/www.knopjestudio.de\/?page_id=137\" rel=\"follow noopener\" target=\"_self\" role=\"button\"><div class=\"uagb-button__link\">Kontakt<\/div><\/a><\/div><\/div>\n<\/div><\/div>\n\n\n\n<p><\/p>\n\n\n\n<p><\/p>\n","protected":false},"excerpt":{"rendered":"<p>Stadtliebe zum Aufh\u00e4ngen Liebevolle Girlanden f\u00fcr echte Heimatfans Hier findest Du bald noch mehr St\u00e4dteliebe&#8230; Solltest Du einen besonderen Wunsch [&hellip;]<\/p>\n","protected":false},"author":1,"featured_media":0,"parent":0,"menu_order":0,"comment_status":"closed","ping_status":"closed","template":"","meta":{"_uag_custom_page_level_css":"","site-sidebar-layout":"default","site-content-layout":"","ast-site-content-layout":"default","site-content-style":"default","site-sidebar-style":"default","ast-global-header-display":"","ast-banner-title-visibility":"","ast-main-header-display":"","ast-hfb-above-header-display":"","ast-hfb-below-header-display":"","ast-hfb-mobile-header-display":"","site-post-title":"disabled","ast-breadcrumbs-content":"","ast-featured-img":"","footer-sml-layout":"","ast-disable-related-posts":"","theme-transparent-header-meta":"","adv-header-id-meta":"","stick-header-meta":"","header-above-stick-meta":"","header-main-stick-meta":"","header-below-stick-meta":"","astra-migrate-meta-layouts":"default","ast-page-background-enabled":"default","ast-page-background-meta":{"desktop":{"background-color":"var(--ast-global-color-5)","background-image":"","background-repeat":"repeat","background-position":"center center","background-size":"auto","background-attachment":"scroll","background-type":"","background-media":"","overlay-type":"","overlay-color":"","overlay-opacity":"","overlay-gradient":""},"tablet":{"background-color":"","background-image":"","background-repeat":"repeat","background-position":"center center","background-size":"auto","background-attachment":"scroll","background-type":"","background-media":"","overlay-type":"","overlay-color":"","overlay-opacity":"","overlay-gradient":""},"mobile":{"background-color":"","background-image":"","background-repeat":"repeat","background-position":"center center","background-size":"auto","background-attachment":"scroll","background-type":"","background-media":"","overlay-type":"","overlay-color":"","overlay-opacity":"","overlay-gradient":""}},"ast-content-background-meta":{"desktop":{"background-color":"var(--ast-global-color-4)","background-image":"","background-repeat":"repeat","background-position":"center center","background-size":"auto","background-attachment":"scroll","background-type":"","background-media":"","overlay-type":"","overlay-color":"","overlay-opacity":"","overlay-gradient":""},"tablet":{"background-color":"var(--ast-global-color-4)","background-image":"","background-repeat":"repeat","background-position":"center center","background-size":"auto","background-attachment":"scroll","background-type":"","background-media":"","overlay-type":"","overlay-color":"","overlay-opacity":"","overlay-gradient":""},"mobile":{"background-color":"var(--ast-global-color-4)","background-image":"","background-repeat":"repeat","background-position":"center center","background-size":"auto","background-attachment":"scroll","background-type":"","background-media":"","overlay-type":"","overlay-color":"","overlay-opacity":"","overlay-gradient":""}},"footnotes":""},"class_list":["post-244","page","type-page","status-publish","hentry"],"uagb_featured_image_src":{"full":false,"thumbnail":false,"medium":false,"medium_large":false,"large":false,"1536x1536":false,"2048x2048":false},"uagb_author_info":{"display_name":"admin","author_link":"https:\/\/www.knopjestudio.de\/?author=1"},"uagb_comment_info":0,"uagb_excerpt":"Stadtliebe zum Aufh\u00e4ngen Liebevolle Girlanden f\u00fcr echte Heimatfans Hier findest Du bald noch mehr St\u00e4dteliebe&#8230; Solltest Du einen besonderen Wunsch [&hellip;]","_links":{"self":[{"href":"https:\/\/www.knopjestudio.de\/index.php?rest_route=\/wp\/v2\/pages\/244","targetHints":{"allow":["GET"]}}],"collection":[{"href":"https:\/\/www.knopjestudio.de\/index.php?rest_route=\/wp\/v2\/pages"}],"about":[{"href":"https:\/\/www.knopjestudio.de\/index.php?rest_route=\/wp\/v2\/types\/page"}],"author":[{"embeddable":true,"href":"https:\/\/www.knopjestudio.de\/index.php?rest_route=\/wp\/v2\/users\/1"}],"replies":[{"embeddable":true,"href":"https:\/\/www.knopjestudio.de\/index.php?rest_route=%2Fwp%2Fv2%2Fcomments&post=244"}],"version-history":[{"count":5,"href":"https:\/\/www.knopjestudio.de\/index.php?rest_route=\/wp\/v2\/pages\/244\/revisions"}],"predecessor-version":[{"id":342,"href":"https:\/\/www.knopjestudio.de\/index.php?rest_route=\/wp\/v2\/pages\/244\/revisions\/342"}],"wp:attachment":[{"href":"https:\/\/www.knopjestudio.de\/index.php?rest_route=%2Fwp%2Fv2%2Fmedia&parent=244"}],"curies":[{"name":"wp","href":"https:\/\/api.w.org\/{rel}","templated":true}]}}