{"id":309,"date":"2026-03-07T09:15:19","date_gmt":"2026-03-07T09:15:19","guid":{"rendered":"https:\/\/www.knopjestudio.de\/?page_id=309"},"modified":"2026-04-01T10:20:53","modified_gmt":"2026-04-01T10:20:53","slug":"hoffnungstraegerinnen","status":"publish","type":"page","link":"https:\/\/www.knopjestudio.de\/?page_id=309","title":{"rendered":"Hoffnungstr\u00e4gerinnen"},"content":{"rendered":"\n<div class=\"wp-block-uagb-advanced-heading uagb-block-c7a86750\"><h2 class=\"uagb-heading-text\">Hoffnungstr\u00e4ger:innen<\/h2><\/div>\n\n\n\n<figure class=\"wp-block-image size-full\"><img loading=\"lazy\" decoding=\"async\" width=\"672\" height=\"896\" src=\"https:\/\/www.knopjestudio.de\/wp-content\/uploads\/2026\/03\/Hoffnungstraeger-1.png\" alt=\"\" class=\"wp-image-310\" srcset=\"https:\/\/www.knopjestudio.de\/wp-content\/uploads\/2026\/03\/Hoffnungstraeger-1.png 672w, https:\/\/www.knopjestudio.de\/wp-content\/uploads\/2026\/03\/Hoffnungstraeger-1-225x300.png 225w\" sizes=\"auto, (max-width: 672px) 100vw, 672px\" \/><\/figure>\n\n\n\n<figure class=\"wp-block-embed is-type-video is-provider-vimeo wp-block-embed-vimeo wp-embed-aspect-1-1 wp-has-aspect-ratio\"><div class=\"wp-block-embed__wrapper\">\n<iframe loading=\"lazy\" title=\"Hoffnungstra\u0308ger:innen\" src=\"https:\/\/player.vimeo.com\/video\/1170386852?dnt=1&amp;app_id=122963\" width=\"500\" height=\"500\" frameborder=\"0\" allow=\"autoplay; fullscreen; picture-in-picture; clipboard-write; encrypted-media; web-share\" referrerpolicy=\"strict-origin-when-cross-origin\"><\/iframe>\n<\/div><\/figure>\n\n\n\n<p>Vielleicht suchst du gerade nach einer besonderen Geschenkidee f\u00fcr eine Freundin, einen lieben Menschen oder f\u00fcr dich selbst? Diese Papiergirlande ist perfekt daf\u00fcr. Sie bringt Hoffnung in jeden Raum und symbolisiert was wir uns alle w\u00fcnschen: Frieden und Hoffnung.<\/p>\n\n\n\n<p>Jede Papiergirlande wird von Hand zusammengen\u00e4ht.<\/p>\n\n\n\n<p>Perfekt, wenn du suchst: <\/p>\n\n\n\n<ul class=\"wp-block-list\">\n<li>Ein liebevolles Geschenk f\u00fcr Freundinnen, zur Hochzeit oder zum Einzug.<\/li>\n\n\n\n<li>Passend auch f\u00fcr Kommunion oder Konfirmation<\/li>\n\n\n\n<li>Romantische oder stilvolle Raumgestaltung mit handgemachter Deko<\/li>\n\n\n\n<li>Boho-, Vintage- oder moderne Wohntrends<\/li>\n\n\n\n<li>Papierdekoration, die nicht nur sch\u00f6n aussieht, sondern ein gutes Gef\u00fchl schenkt<\/li>\n<\/ul>\n\n\n\n<p>Diese dekorative Papierkette verbindet handgemachte Qualit\u00e4t, zeitlose \u00c4sthetik und eine positive Botschaft \u2013 ein besonderes Highlight, das Herzen ber\u00fchrt.<\/p>\n\n\n\n<h4 class=\"wp-block-heading\">Produktblatt<\/h4>\n\n\n\n<figure class=\"wp-block-image size-large\"><img loading=\"lazy\" decoding=\"async\" width=\"888\" height=\"1024\" src=\"https:\/\/www.knopjestudio.de\/wp-content\/uploads\/2026\/03\/1-888x1024.png\" alt=\"\" class=\"wp-image-311\" srcset=\"https:\/\/www.knopjestudio.de\/wp-content\/uploads\/2026\/03\/1-888x1024.png 888w, https:\/\/www.knopjestudio.de\/wp-content\/uploads\/2026\/03\/1-260x300.png 260w, https:\/\/www.knopjestudio.de\/wp-content\/uploads\/2026\/03\/1-768x886.png 768w, https:\/\/www.knopjestudio.de\/wp-content\/uploads\/2026\/03\/1-1331x1536.png 1331w, https:\/\/www.knopjestudio.de\/wp-content\/uploads\/2026\/03\/1.png 1535w\" sizes=\"auto, (max-width: 888px) 100vw, 888px\" \/><\/figure>\n\n\n\n<p><\/p>\n","protected":false},"excerpt":{"rendered":"<p>Hoffnungstr\u00e4ger:innen Vielleicht suchst du gerade nach einer besonderen Geschenkidee f\u00fcr eine Freundin, einen lieben Menschen oder f\u00fcr dich selbst? Diese [&hellip;]<\/p>\n","protected":false},"author":1,"featured_media":0,"parent":0,"menu_order":0,"comment_status":"closed","ping_status":"closed","template":"","meta":{"_uag_custom_page_level_css":"","site-sidebar-layout":"default","site-content-layout":"","ast-site-content-layout":"default","site-content-style":"default","site-sidebar-style":"default","ast-global-header-display":"","ast-banner-title-visibility":"","ast-main-header-display":"","ast-hfb-above-header-display":"","ast-hfb-below-header-display":"","ast-hfb-mobile-header-display":"","site-post-title":"disabled","ast-breadcrumbs-content":"","ast-featured-img":"","footer-sml-layout":"","ast-disable-related-posts":"","theme-transparent-header-meta":"","adv-header-id-meta":"","stick-header-meta":"","header-above-stick-meta":"","header-main-stick-meta":"","header-below-stick-meta":"","astra-migrate-meta-layouts":"default","ast-page-background-enabled":"default","ast-page-background-meta":{"desktop":{"background-color":"var(--ast-global-color-5)","background-image":"","background-repeat":"repeat","background-position":"center center","background-size":"auto","background-attachment":"scroll","background-type":"","background-media":"","overlay-type":"","overlay-color":"","overlay-opacity":"","overlay-gradient":""},"tablet":{"background-color":"","background-image":"","background-repeat":"repeat","background-position":"center center","background-size":"auto","background-attachment":"scroll","background-type":"","background-media":"","overlay-type":"","overlay-color":"","overlay-opacity":"","overlay-gradient":""},"mobile":{"background-color":"","background-image":"","background-repeat":"repeat","background-position":"center center","background-size":"auto","background-attachment":"scroll","background-type":"","background-media":"","overlay-type":"","overlay-color":"","overlay-opacity":"","overlay-gradient":""}},"ast-content-background-meta":{"desktop":{"background-color":"var(--ast-global-color-4)","background-image":"","background-repeat":"repeat","background-position":"center center","background-size":"auto","background-attachment":"scroll","background-type":"","background-media":"","overlay-type":"","overlay-color":"","overlay-opacity":"","overlay-gradient":""},"tablet":{"background-color":"var(--ast-global-color-4)","background-image":"","background-repeat":"repeat","background-position":"center center","background-size":"auto","background-attachment":"scroll","background-type":"","background-media":"","overlay-type":"","overlay-color":"","overlay-opacity":"","overlay-gradient":""},"mobile":{"background-color":"var(--ast-global-color-4)","background-image":"","background-repeat":"repeat","background-position":"center center","background-size":"auto","background-attachment":"scroll","background-type":"","background-media":"","overlay-type":"","overlay-color":"","overlay-opacity":"","overlay-gradient":""}},"footnotes":""},"class_list":["post-309","page","type-page","status-publish","hentry"],"uagb_featured_image_src":{"full":false,"thumbnail":false,"medium":false,"medium_large":false,"large":false,"1536x1536":false,"2048x2048":false},"uagb_author_info":{"display_name":"admin","author_link":"https:\/\/www.knopjestudio.de\/?author=1"},"uagb_comment_info":0,"uagb_excerpt":"Hoffnungstr\u00e4ger:innen Vielleicht suchst du gerade nach einer besonderen Geschenkidee f\u00fcr eine Freundin, einen lieben Menschen oder f\u00fcr dich selbst? Diese [&hellip;]","_links":{"self":[{"href":"https:\/\/www.knopjestudio.de\/index.php?rest_route=\/wp\/v2\/pages\/309","targetHints":{"allow":["GET"]}}],"collection":[{"href":"https:\/\/www.knopjestudio.de\/index.php?rest_route=\/wp\/v2\/pages"}],"about":[{"href":"https:\/\/www.knopjestudio.de\/index.php?rest_route=\/wp\/v2\/types\/page"}],"author":[{"embeddable":true,"href":"https:\/\/www.knopjestudio.de\/index.php?rest_route=\/wp\/v2\/users\/1"}],"replies":[{"embeddable":true,"href":"https:\/\/www.knopjestudio.de\/index.php?rest_route=%2Fwp%2Fv2%2Fcomments&post=309"}],"version-history":[{"count":3,"href":"https:\/\/www.knopjestudio.de\/index.php?rest_route=\/wp\/v2\/pages\/309\/revisions"}],"predecessor-version":[{"id":395,"href":"https:\/\/www.knopjestudio.de\/index.php?rest_route=\/wp\/v2\/pages\/309\/revisions\/395"}],"wp:attachment":[{"href":"https:\/\/www.knopjestudio.de\/index.php?rest_route=%2Fwp%2Fv2%2Fmedia&parent=309"}],"curies":[{"name":"wp","href":"https:\/\/api.w.org\/{rel}","templated":true}]}}